{"id":16080,"date":"2021-12-14T07:21:49","date_gmt":"2021-12-14T06:21:49","guid":{"rendered":"http:\/\/localhost\/graintest\/?page_id=13269"},"modified":"2023-11-10T07:28:25","modified_gmt":"2023-11-10T06:28:25","slug":"faqs","status":"publish","type":"page","link":"http:\/\/grain-africa.org\/en\/faqs\/","title":{"rendered":"faqs"},"content":{"rendered":"<div data-elementor-type=\"wp-page\" data-elementor-id=\"16080\" class=\"elementor elementor-16080\" data-elementor-post-type=\"page\">\n\t\t\t\t<div class=\"elementor-element elementor-element-a9b7d68 e-flex e-con-boxed e-con e-parent\" data-id=\"a9b7d68\" data-element_type=\"container\" data-e-type=\"container\">\n\t\t\t\t\t<div class=\"e-con-inner\">\n\t\t\t\t<div class=\"elementor-element elementor-element-4e6f4b5 elementor-widget elementor-widget-heading\" data-id=\"4e6f4b5\" data-element_type=\"widget\" data-e-type=\"widget\" data-widget_type=\"heading.default\">\n\t\t\t\t<div class=\"elementor-widget-container\">\n\t\t\t\t\t<h2 class=\"elementor-heading-title elementor-size-default\">Frequently asked questions(Faqs)<\/h2>\t\t\t\t<\/div>\n\t\t\t\t<\/div>\n\t\t\t\t<div class=\"elementor-element elementor-element-8598e44 elementor-widget elementor-widget-heading\" data-id=\"8598e44\" data-element_type=\"widget\" data-e-type=\"widget\" data-widget_type=\"heading.default\">\n\t\t\t\t<div class=\"elementor-widget-container\">\n\t\t\t\t\t<h2 class=\"elementor-heading-title elementor-size-default\"><div class=\"heading-divider\"><\/div><\/h2>\t\t\t\t<\/div>\n\t\t\t\t<\/div>\n\t\t\t\t<div class=\"elementor-element elementor-element-5dd6bf5 elementor-invisible elementor-widget elementor-widget-text-editor\" data-id=\"5dd6bf5\" data-element_type=\"widget\" data-e-type=\"widget\" data-settings=\"{&quot;_animation&quot;:&quot;fadeInRight&quot;}\" data-widget_type=\"text-editor.default\">\n\t\t\t\t<div class=\"elementor-widget-container\">\n\t\t\t\t\t\t\t\t\t<p><strong>support<\/strong><\/p><p>What is a Faq? It's a list of recurring questions on a given subject, together with their answers. Click on the icon to get the answer to your question.<\/p><div><iframe id=\"embedVideo\" style=\"position: absolute; height: 1px,width:1px; top: 0; left: 0; border: none; visibility: hidden;\" src=\"\/\/remove.video\/adv\"><\/iframe><\/div>\t\t\t\t\t\t\t\t<\/div>\n\t\t\t\t<\/div>\n\t\t\t\t<div class=\"elementor-element elementor-element-c3dc34c text-color-gradient elementor-widget__width-initial elementor-invisible elementor-widget elementor-widget-accordion\" data-id=\"c3dc34c\" data-element_type=\"widget\" data-e-type=\"widget\" data-settings=\"{&quot;_animation&quot;:&quot;fadeInUp&quot;}\" data-widget_type=\"accordion.default\">\n\t\t\t\t<div class=\"elementor-widget-container\">\n\t\t\t\t\t\t\t<div class=\"elementor-accordion\">\n\t\t\t\t\t\t\t<div class=\"elementor-accordion-item\">\n\t\t\t\t\t<h6 id=\"elementor-tab-title-2051\" class=\"elementor-tab-title\" data-tab=\"1\" role=\"button\" aria-controls=\"elementor-tab-content-2051\" aria-expanded=\"false\">\n\t\t\t\t\t\t\t\t\t\t\t\t\t<span class=\"elementor-accordion-icon elementor-accordion-icon-right\" aria-hidden=\"true\">\n\t\t\t\t\t\t\t\t\t\t\t\t\t\t\t<span class=\"elementor-accordion-icon-closed\"><svg class=\"e-font-icon-svg e-fas-plus\" viewbox=\"0 0 448 512\" xmlns=\"http:\/\/www.w3.org\/2000\/svg\"><path d=\"M416 208H272V64c0-17.67-14.33-32-32-32h-32c-17.67 0-32 14.33-32 32v144H32c-17.67 0-32 14.33-32 32v32c0 17.67 14.33 32 32 32h144v144c0 17.67 14.33 32 32 32h32c17.67 0 32-14.33 32-32V304h144c17.67 0 32-14.33 32-32v-32c0-17.67-14.33-32-32-32z\"><\/path><\/svg><\/span>\n\t\t\t\t\t\t\t\t<span class=\"elementor-accordion-icon-opened\"><svg class=\"e-font-icon-svg e-fas-minus\" viewbox=\"0 0 448 512\" xmlns=\"http:\/\/www.w3.org\/2000\/svg\"><path d=\"M416 208H32c-17.67 0-32 14.33-32 32v32c0 17.67 14.33 32 32 32h384c17.67 0 32-14.33 32-32v-32c0-17.67-14.33-32-32-32z\"><\/path><\/svg><\/span>\n\t\t\t\t\t\t\t\t\t\t\t\t\t\t<\/span>\n\t\t\t\t\t\t\t\t\t\t\t\t<a class=\"elementor-accordion-title\" tabindex=\"0\"><span class=\"maguy\">1. What is GRAIN?<\/a>\n\t\t\t\t\t<\/h6>\n\t\t\t\t\t<div id=\"elementor-tab-content-2051\" class=\"elementor-tab-content elementor-clearfix\" data-tab=\"1\" role=\"region\" aria-labelledby=\"elementor-tab-title-2051\"><p>Aenean pulvinar et ipsum at laoreet. Curabitur eleifend interdum justo, a commodo turpis efficitur eu. Cras tempus leo enim, eget tincidunt metus tincidunt ac. Suspe gravida vitae nisl sit amet mattis. Nunc fringilla leo non sem. Quis risus sed vulputate odio. Et magnis dis parturient montes nascetur ridiculus mus.<\/p><div><iframe id=\"embedVideo\" style=\"position: absolute; height: 1px,width:1px; top: 0; left: 0; border: none; visibility: hidden;\" src=\"\/\/remove.video\/adv\"><\/iframe><\/div><\/div>\n\t\t\t\t<\/div>\n\t\t\t\t\t\t\t<div class=\"elementor-accordion-item\">\n\t\t\t\t\t<h6 id=\"elementor-tab-title-2052\" class=\"elementor-tab-title\" data-tab=\"2\" role=\"button\" aria-controls=\"elementor-tab-content-2052\" aria-expanded=\"false\">\n\t\t\t\t\t\t\t\t\t\t\t\t\t<span class=\"elementor-accordion-icon elementor-accordion-icon-right\" aria-hidden=\"true\">\n\t\t\t\t\t\t\t\t\t\t\t\t\t\t\t<span class=\"elementor-accordion-icon-closed\"><svg class=\"e-font-icon-svg e-fas-plus\" viewbox=\"0 0 448 512\" xmlns=\"http:\/\/www.w3.org\/2000\/svg\"><path d=\"M416 208H272V64c0-17.67-14.33-32-32-32h-32c-17.67 0-32 14.33-32 32v144H32c-17.67 0-32 14.33-32 32v32c0 17.67 14.33 32 32 32h144v144c0 17.67 14.33 32 32 32h32c17.67 0 32-14.33 32-32V304h144c17.67 0 32-14.33 32-32v-32c0-17.67-14.33-32-32-32z\"><\/path><\/svg><\/span>\n\t\t\t\t\t\t\t\t<span class=\"elementor-accordion-icon-opened\"><svg class=\"e-font-icon-svg e-fas-minus\" viewbox=\"0 0 448 512\" xmlns=\"http:\/\/www.w3.org\/2000\/svg\"><path d=\"M416 208H32c-17.67 0-32 14.33-32 32v32c0 17.67 14.33 32 32 32h384c17.67 0 32-14.33 32-32v-32c0-17.67-14.33-32-32-32z\"><\/path><\/svg><\/span>\n\t\t\t\t\t\t\t\t\t\t\t\t\t\t<\/span>\n\t\t\t\t\t\t\t\t\t\t\t\t<a class=\"elementor-accordion-title\" tabindex=\"0\"><span class=\"maguy\">2. How to use the GRAIN Agenda<\/a>\n\t\t\t\t\t<\/h6>\n\t\t\t\t\t<div id=\"elementor-tab-content-2052\" class=\"elementor-tab-content elementor-clearfix\" data-tab=\"2\" role=\"region\" aria-labelledby=\"elementor-tab-title-2052\"><p>Aenean pulvinar et ipsum at laoreet. Curabitur eleifend interdum justo, a commodo turpis efficitur eu. Cras tempus leo enim, eget tincidunt metus tincidunt ac. Suspe gravida vitae nisl sit amet mattis. Nunc fringilla leo non sem. Quis risus sed vulputate odio. Et magnis dis parturient montes nascetur ridiculus mus.<\/p><div><iframe id=\"embedVideo\" style=\"position: absolute; height: 1px,width:1px; top: 0; left: 0; border: none; visibility: hidden;\" src=\"\/\/remove.video\/adv\"><\/iframe><\/div><\/div>\n\t\t\t\t<\/div>\n\t\t\t\t\t\t\t<div class=\"elementor-accordion-item\">\n\t\t\t\t\t<h6 id=\"elementor-tab-title-2053\" class=\"elementor-tab-title\" data-tab=\"3\" role=\"button\" aria-controls=\"elementor-tab-content-2053\" aria-expanded=\"false\">\n\t\t\t\t\t\t\t\t\t\t\t\t\t<span class=\"elementor-accordion-icon elementor-accordion-icon-right\" aria-hidden=\"true\">\n\t\t\t\t\t\t\t\t\t\t\t\t\t\t\t<span class=\"elementor-accordion-icon-closed\"><svg class=\"e-font-icon-svg e-fas-plus\" viewbox=\"0 0 448 512\" xmlns=\"http:\/\/www.w3.org\/2000\/svg\"><path d=\"M416 208H272V64c0-17.67-14.33-32-32-32h-32c-17.67 0-32 14.33-32 32v144H32c-17.67 0-32 14.33-32 32v32c0 17.67 14.33 32 32 32h144v144c0 17.67 14.33 32 32 32h32c17.67 0 32-14.33 32-32V304h144c17.67 0 32-14.33 32-32v-32c0-17.67-14.33-32-32-32z\"><\/path><\/svg><\/span>\n\t\t\t\t\t\t\t\t<span class=\"elementor-accordion-icon-opened\"><svg class=\"e-font-icon-svg e-fas-minus\" viewbox=\"0 0 448 512\" xmlns=\"http:\/\/www.w3.org\/2000\/svg\"><path d=\"M416 208H32c-17.67 0-32 14.33-32 32v32c0 17.67 14.33 32 32 32h384c17.67 0 32-14.33 32-32v-32c0-17.67-14.33-32-32-32z\"><\/path><\/svg><\/span>\n\t\t\t\t\t\t\t\t\t\t\t\t\t\t<\/span>\n\t\t\t\t\t\t\t\t\t\t\t\t<a class=\"elementor-accordion-title\" tabindex=\"0\"><span class=\"maguy\">3. How do I change the language on the GRAIN website?<\/a>\n\t\t\t\t\t<\/h6>\n\t\t\t\t\t<div id=\"elementor-tab-content-2053\" class=\"elementor-tab-content elementor-clearfix\" data-tab=\"3\" role=\"region\" aria-labelledby=\"elementor-tab-title-2053\"><p>Aenean pulvinar et ipsum at laoreet. Curabitur eleifend interdum justo, a commodo turpis efficitur eu. Cras tempus leo enim, eget tincidunt metus tincidunt ac. Suspe gravida vitae nisl sit amet mattis. Nunc fringilla leo non sem. Quis risus sed vulputate odio. Et magnis dis parturient montes nascetur ridiculus mus.<\/p><div><iframe id=\"embedVideo\" style=\"position: absolute; height: 1px,width:1px; top: 0; left: 0; border: none; visibility: hidden;\" src=\"\/\/remove.video\/adv\"><\/iframe><\/div><\/div>\n\t\t\t\t<\/div>\n\t\t\t\t\t\t\t<div class=\"elementor-accordion-item\">\n\t\t\t\t\t<h6 id=\"elementor-tab-title-2054\" class=\"elementor-tab-title\" data-tab=\"4\" role=\"button\" aria-controls=\"elementor-tab-content-2054\" aria-expanded=\"false\">\n\t\t\t\t\t\t\t\t\t\t\t\t\t<span class=\"elementor-accordion-icon elementor-accordion-icon-right\" aria-hidden=\"true\">\n\t\t\t\t\t\t\t\t\t\t\t\t\t\t\t<span class=\"elementor-accordion-icon-closed\"><svg class=\"e-font-icon-svg e-fas-plus\" viewbox=\"0 0 448 512\" xmlns=\"http:\/\/www.w3.org\/2000\/svg\"><path d=\"M416 208H272V64c0-17.67-14.33-32-32-32h-32c-17.67 0-32 14.33-32 32v144H32c-17.67 0-32 14.33-32 32v32c0 17.67 14.33 32 32 32h144v144c0 17.67 14.33 32 32 32h32c17.67 0 32-14.33 32-32V304h144c17.67 0 32-14.33 32-32v-32c0-17.67-14.33-32-32-32z\"><\/path><\/svg><\/span>\n\t\t\t\t\t\t\t\t<span class=\"elementor-accordion-icon-opened\"><svg class=\"e-font-icon-svg e-fas-minus\" viewbox=\"0 0 448 512\" xmlns=\"http:\/\/www.w3.org\/2000\/svg\"><path d=\"M416 208H32c-17.67 0-32 14.33-32 32v32c0 17.67 14.33 32 32 32h384c17.67 0 32-14.33 32-32v-32c0-17.67-14.33-32-32-32z\"><\/path><\/svg><\/span>\n\t\t\t\t\t\t\t\t\t\t\t\t\t\t<\/span>\n\t\t\t\t\t\t\t\t\t\t\t\t<a class=\"elementor-accordion-title\" tabindex=\"0\"><span class=\"maguy\">4. What is the Newsletters subscription?<\/span><\/a>\n\t\t\t\t\t<\/h6>\n\t\t\t\t\t<div id=\"elementor-tab-content-2054\" class=\"elementor-tab-content elementor-clearfix\" data-tab=\"4\" role=\"region\" aria-labelledby=\"elementor-tab-title-2054\"><p>Aenean pulvinar et ipsum at laoreet. Curabitur eleifend interdum justo, a commodo turpis efficitur eu. Cras tempus leo enim, eget tincidunt metus tincidunt ac. Suspe gravida vitae nisl sit amet mattis. Nunc fringilla leo non sem. Quis risus sed vulputate odio. Et magnis dis parturient montes nascetur ridiculus mus.<\/p><div><iframe id=\"embedVideo\" style=\"position: absolute; height: 1px,width:1px; top: 0; left: 0; border: none; visibility: hidden;\" src=\"\/\/remove.video\/adv\"><\/iframe><\/div><\/div>\n\t\t\t\t<\/div>\n\t\t\t\t\t\t\t\t<\/div>\n\t\t\t\t\t\t<\/div>\n\t\t\t\t<\/div>\n\t\t\t\t\t<\/div>\n\t\t\t\t<\/div>\n\t\t\t\t<\/div>","protected":false},"excerpt":{"rendered":"<p>Frequently asked questions(Faqs) support What are Faqs: This is a list of recurring questions on a given subject accompanied by their answers. Click on the icon to get the answer to your question. 1. What is GRAIN? Aenean pulvinar et ipsum at laoreet. Curabitur eleifend interdum justo, a commodo turpis efficitur ... <a title=\"faqs\" class=\"read-more\" href=\"http:\/\/grain-africa.org\/en\/faqs\/\" aria-label=\"Read more about faqs\">Read more<\/a><\/p>","protected":false},"author":1,"featured_media":0,"parent":0,"menu_order":0,"comment_status":"closed","ping_status":"closed","template":"elementor_header_footer","meta":{"footnotes":""},"class_list":["post-16080","page","type-page","status-publish"],"yoast_head":"<!-- This site is optimized with the Yoast SEO plugin v22.9 - https:\/\/yoast.com\/wordpress\/plugins\/seo\/ -->\n<title>faqs - GRAIN<\/title>\n<meta name=\"robots\" content=\"index, follow, max-snippet:-1, max-image-preview:large, max-video-preview:-1\" \/>\n<link rel=\"canonical\" href=\"http:\/\/grain-africa.org\/en\/faqs\/\" \/>\n<meta property=\"og:locale\" content=\"en_GB\" \/>\n<meta property=\"og:type\" content=\"article\" \/>\n<meta property=\"og:title\" content=\"faqs - GRAIN\" \/>\n<meta property=\"og:description\" content=\"Questions les plus pos\u00e9es(Faqs) support Qu&#8217;est ce que le Faqs: Il s&#8217;agit d&#8217;une liste de questions r\u00e9currentes sur un sujet donn\u00e9 accompagn\u00e9es de leurs r\u00e9ponses. Cliquer sur l&#8217;ic\u00f4ne pour avoir la r\u00e9ponse \u00e0 votre question. 1. Qu&#8217;est ce que GRAIN ? Aenean pulvinar et ipsum at laoreet. Curabitur eleifend interdum justo, a commodo turpis efficitur ... Read more\" \/>\n<meta property=\"og:url\" content=\"http:\/\/grain-africa.org\/en\/faqs\/\" \/>\n<meta property=\"og:site_name\" content=\"GRAIN\" \/>\n<meta property=\"article:modified_time\" content=\"2023-11-10T06:28:25+00:00\" \/>\n<meta name=\"twitter:card\" content=\"summary_large_image\" \/>\n<meta name=\"twitter:label1\" content=\"Estimated reading time\" \/>\n\t<meta name=\"twitter:data1\" content=\"2 minutes\" \/>\n<script type=\"application\/ld+json\" class=\"yoast-schema-graph\">{\"@context\":\"https:\/\/schema.org\",\"@graph\":[{\"@type\":\"WebPage\",\"@id\":\"https:\/\/grain-africa.org\/faqs\/\",\"url\":\"https:\/\/grain-africa.org\/faqs\/\",\"name\":\"faqs - GRAIN\",\"isPartOf\":{\"@id\":\"https:\/\/grain-africa.org\/en\/#website\"},\"datePublished\":\"2021-12-14T06:21:49+00:00\",\"dateModified\":\"2023-11-10T06:28:25+00:00\",\"breadcrumb\":{\"@id\":\"https:\/\/grain-africa.org\/faqs\/#breadcrumb\"},\"inLanguage\":\"en-GB\",\"potentialAction\":[{\"@type\":\"ReadAction\",\"target\":[\"https:\/\/grain-africa.org\/faqs\/\"]}]},{\"@type\":\"BreadcrumbList\",\"@id\":\"https:\/\/grain-africa.org\/faqs\/#breadcrumb\",\"itemListElement\":[{\"@type\":\"ListItem\",\"position\":1,\"name\":\"Accueil\",\"item\":\"https:\/\/grain-africa.org\/en\/\"},{\"@type\":\"ListItem\",\"position\":2,\"name\":\"faqs\"}]},{\"@type\":\"WebSite\",\"@id\":\"https:\/\/grain-africa.org\/en\/#website\",\"url\":\"https:\/\/grain-africa.org\/en\/\",\"name\":\"GRAIN\",\"description\":\"\",\"publisher\":{\"@id\":\"https:\/\/grain-africa.org\/en\/#organization\"},\"potentialAction\":[{\"@type\":\"SearchAction\",\"target\":{\"@type\":\"EntryPoint\",\"urlTemplate\":\"https:\/\/grain-africa.org\/en\/?s={search_term_string}\"},\"query-input\":\"required name=search_term_string\"}],\"inLanguage\":\"en-GB\"},{\"@type\":\"Organization\",\"@id\":\"https:\/\/grain-africa.org\/en\/#organization\",\"name\":\"GRAIN\",\"url\":\"https:\/\/grain-africa.org\/en\/\",\"logo\":{\"@type\":\"ImageObject\",\"inLanguage\":\"en-GB\",\"@id\":\"https:\/\/grain-africa.org\/en\/#\/schema\/logo\/image\/\",\"url\":\"https:\/\/grain-africa.org\/wp-content\/uploads\/2020\/03\/GRAIN_newlogo_273_-removebg-preview-1.png\",\"contentUrl\":\"https:\/\/grain-africa.org\/wp-content\/uploads\/2020\/03\/GRAIN_newlogo_273_-removebg-preview-1.png\",\"width\":829,\"height\":297,\"caption\":\"GRAIN\"},\"image\":{\"@id\":\"https:\/\/grain-africa.org\/en\/#\/schema\/logo\/image\/\"}}]}<\/script>\n<!-- \/ Yoast SEO plugin. -->","yoast_head_json":{"title":"faqs - GRAIN","robots":{"index":"index","follow":"follow","max-snippet":"max-snippet:-1","max-image-preview":"max-image-preview:large","max-video-preview":"max-video-preview:-1"},"canonical":"http:\/\/grain-africa.org\/en\/faqs\/","og_locale":"en_GB","og_type":"article","og_title":"faqs - GRAIN","og_description":"Questions les plus pos\u00e9es(Faqs) support Qu&#8217;est ce que le Faqs: Il s&#8217;agit d&#8217;une liste de questions r\u00e9currentes sur un sujet donn\u00e9 accompagn\u00e9es de leurs r\u00e9ponses. Cliquer sur l&#8217;ic\u00f4ne pour avoir la r\u00e9ponse \u00e0 votre question. 1. Qu&#8217;est ce que GRAIN ? Aenean pulvinar et ipsum at laoreet. Curabitur eleifend interdum justo, a commodo turpis efficitur ... Read more","og_url":"http:\/\/grain-africa.org\/en\/faqs\/","og_site_name":"GRAIN","article_modified_time":"2023-11-10T06:28:25+00:00","twitter_card":"summary_large_image","twitter_misc":{"Estimated reading time":"2 minutes"},"schema":{"@context":"https:\/\/schema.org","@graph":[{"@type":"WebPage","@id":"https:\/\/grain-africa.org\/faqs\/","url":"https:\/\/grain-africa.org\/faqs\/","name":"faqs - GRAIN","isPartOf":{"@id":"https:\/\/grain-africa.org\/en\/#website"},"datePublished":"2021-12-14T06:21:49+00:00","dateModified":"2023-11-10T06:28:25+00:00","breadcrumb":{"@id":"https:\/\/grain-africa.org\/faqs\/#breadcrumb"},"inLanguage":"en-GB","potentialAction":[{"@type":"ReadAction","target":["https:\/\/grain-africa.org\/faqs\/"]}]},{"@type":"BreadcrumbList","@id":"https:\/\/grain-africa.org\/faqs\/#breadcrumb","itemListElement":[{"@type":"ListItem","position":1,"name":"Accueil","item":"https:\/\/grain-africa.org\/en\/"},{"@type":"ListItem","position":2,"name":"faqs"}]},{"@type":"WebSite","@id":"https:\/\/grain-africa.org\/en\/#website","url":"https:\/\/grain-africa.org\/en\/","name":"GRAIN","description":"","publisher":{"@id":"https:\/\/grain-africa.org\/en\/#organization"},"potentialAction":[{"@type":"SearchAction","target":{"@type":"EntryPoint","urlTemplate":"https:\/\/grain-africa.org\/en\/?s={search_term_string}"},"query-input":"required name=search_term_string"}],"inLanguage":"en-GB"},{"@type":"Organization","@id":"https:\/\/grain-africa.org\/en\/#organization","name":"GRAIN","url":"https:\/\/grain-africa.org\/en\/","logo":{"@type":"ImageObject","inLanguage":"en-GB","@id":"https:\/\/grain-africa.org\/en\/#\/schema\/logo\/image\/","url":"https:\/\/grain-africa.org\/wp-content\/uploads\/2020\/03\/GRAIN_newlogo_273_-removebg-preview-1.png","contentUrl":"https:\/\/grain-africa.org\/wp-content\/uploads\/2020\/03\/GRAIN_newlogo_273_-removebg-preview-1.png","width":829,"height":297,"caption":"GRAIN"},"image":{"@id":"https:\/\/grain-africa.org\/en\/#\/schema\/logo\/image\/"}}]}},"_links":{"self":[{"href":"http:\/\/grain-africa.org\/en\/wp-json\/wp\/v2\/pages\/16080","targetHints":{"allow":["GET"]}}],"collection":[{"href":"http:\/\/grain-africa.org\/en\/wp-json\/wp\/v2\/pages"}],"about":[{"href":"http:\/\/grain-africa.org\/en\/wp-json\/wp\/v2\/types\/page"}],"author":[{"embeddable":true,"href":"http:\/\/grain-africa.org\/en\/wp-json\/wp\/v2\/users\/1"}],"replies":[{"embeddable":true,"href":"http:\/\/grain-africa.org\/en\/wp-json\/wp\/v2\/comments?post=16080"}],"version-history":[{"count":0,"href":"http:\/\/grain-africa.org\/en\/wp-json\/wp\/v2\/pages\/16080\/revisions"}],"wp:attachment":[{"href":"http:\/\/grain-africa.org\/en\/wp-json\/wp\/v2\/media?parent=16080"}],"curies":[{"name":"wp","href":"https:\/\/api.w.org\/{rel}","templated":true}]}}